{"id":3661,"date":"2025-01-07T14:28:03","date_gmt":"2025-01-07T10:58:03","guid":{"rendered":"https:\/\/petrochimex.com\/ekibimiz\/"},"modified":"2025-03-16T11:19:53","modified_gmt":"2025-03-16T07:49:53","slug":"ekibimiz","status":"publish","type":"page","link":"https:\/\/petrochimex.com\/tr\/ekibimiz\/","title":{"rendered":"Ekibimiz"},"content":{"rendered":"\t\t<div data-elementor-type=\"wp-page\" data-elementor-id=\"3661\" class=\"elementor elementor-3661 elementor-820\" data-elementor-post-type=\"page\">\n\t\t\t\t\t\t<section class=\"elementor-section elementor-top-section elementor-element elementor-element-8dd9dd4 elementor-section-boxed elementor-section-height-default elementor-section-height-default\" data-id=\"8dd9dd4\" data-element_type=\"section\">\n\t\t\t\t\t\t<div class=\"elementor-container elementor-column-gap-default\">\n\t\t\t\t\t<div class=\"elementor-column elementor-col-100 elementor-top-column elementor-element elementor-element-3edc526\" data-id=\"3edc526\" data-element_type=\"column\">\n\t\t\t<div class=\"elementor-widget-wrap elementor-element-populated\">\n\t\t\t\t\t\t<div class=\"elementor-element elementor-element-82d18be elementor-widget elementor-widget-heading\" data-id=\"82d18be\" data-element_type=\"widget\" data-widget_type=\"heading.default\">\n\t\t\t\t<div class=\"elementor-widget-container\">\n\t\t\t\t\t<h1 class=\"elementor-heading-title elementor-size-default\">Biz kimiz<\/h1>\t\t\t\t<\/div>\n\t\t\t\t<\/div>\n\t\t\t\t<section class=\"elementor-section elementor-inner-section elementor-element elementor-element-0695512 elementor-section-boxed elementor-section-height-default elementor-section-height-default\" data-id=\"0695512\" data-element_type=\"section\">\n\t\t\t\t\t\t<div class=\"elementor-container elementor-column-gap-default\">\n\t\t\t\t\t<div class=\"elementor-column elementor-col-33 elementor-inner-column elementor-element elementor-element-693d778\" data-id=\"693d778\" data-element_type=\"column\">\n\t\t\t<div class=\"elementor-widget-wrap elementor-element-populated\">\n\t\t\t\t\t\t<div class=\"elementor-element elementor-element-651cde1 elementor-align-center elementor-icon-list--layout-traditional elementor-list-item-link-full_width elementor-widget elementor-widget-icon-list\" data-id=\"651cde1\" data-element_type=\"widget\" data-widget_type=\"icon-list.default\">\n\t\t\t\t<div class=\"elementor-widget-container\">\n\t\t\t\t\t\t\t<ul class=\"elementor-icon-list-items\">\n\t\t\t\t\t\t\t<li class=\"elementor-icon-list-item\">\n\t\t\t\t\t\t\t\t\t\t<span class=\"elementor-icon-list-text\">Tedarik zinciri verimlili\u011fi ve \u00fcr\u00fcn kalitesinde d\u00fcnya lideri.<\/span>\n\t\t\t\t\t\t\t\t\t<\/li>\n\t\t\t\t\t\t<\/ul>\n\t\t\t\t\t\t<\/div>\n\t\t\t\t<\/div>\n\t\t\t\t\t<\/div>\n\t\t<\/div>\n\t\t\t\t<div class=\"elementor-column elementor-col-33 elementor-inner-column elementor-element elementor-element-02927e1\" data-id=\"02927e1\" data-element_type=\"column\">\n\t\t\t<div class=\"elementor-widget-wrap elementor-element-populated\">\n\t\t\t\t\t\t<div class=\"elementor-element elementor-element-e0c1710 elementor-align-center elementor-icon-list--layout-traditional elementor-list-item-link-full_width elementor-widget elementor-widget-icon-list\" data-id=\"e0c1710\" data-element_type=\"widget\" data-widget_type=\"icon-list.default\">\n\t\t\t\t<div class=\"elementor-widget-container\">\n\t\t\t\t\t\t\t<ul class=\"elementor-icon-list-items\">\n\t\t\t\t\t\t\t<li class=\"elementor-icon-list-item\">\n\t\t\t\t\t\t\t\t\t\t<span class=\"elementor-icon-list-text\">Rekabet\u00e7i fiyatland\u0131rma ve g\u00fcvenilirli\u011fi garanti eden g\u00fc\u00e7l\u00fc bir \u00fcretici ve ortak a\u011f\u0131.<\/span>\n\t\t\t\t\t\t\t\t\t<\/li>\n\t\t\t\t\t\t<\/ul>\n\t\t\t\t\t\t<\/div>\n\t\t\t\t<\/div>\n\t\t\t\t\t<\/div>\n\t\t<\/div>\n\t\t\t\t<div class=\"elementor-column elementor-col-33 elementor-inner-column elementor-element elementor-element-1aaea3f\" data-id=\"1aaea3f\" data-element_type=\"column\">\n\t\t\t<div class=\"elementor-widget-wrap elementor-element-populated\">\n\t\t\t\t\t\t<div class=\"elementor-element elementor-element-7802370 elementor-align-center elementor-icon-list--layout-traditional elementor-list-item-link-full_width elementor-widget elementor-widget-icon-list\" data-id=\"7802370\" data-element_type=\"widget\" data-widget_type=\"icon-list.default\">\n\t\t\t\t<div class=\"elementor-widget-container\">\n\t\t\t\t\t\t\t<ul class=\"elementor-icon-list-items\">\n\t\t\t\t\t\t\t<li class=\"elementor-icon-list-item\">\n\t\t\t\t\t\t\t\t\t\t<span class=\"elementor-icon-list-text\">benzersiz i\u015f ihtiya\u00e7lar\u0131n\u0131z\u0131 kar\u015f\u0131lamak i\u00e7in \u00f6zel \u00e7\u00f6z\u00fcmler.<\/span>\n\t\t\t\t\t\t\t\t\t<\/li>\n\t\t\t\t\t\t<\/ul>\n\t\t\t\t\t\t<\/div>\n\t\t\t\t<\/div>\n\t\t\t\t\t<\/div>\n\t\t<\/div>\n\t\t\t\t\t<\/div>\n\t\t<\/section>\n\t\t\t\t\t<\/div>\n\t\t<\/div>\n\t\t\t\t\t<\/div>\n\t\t<\/section>\n\t\t\t\t<section class=\"elementor-section elementor-top-section elementor-element elementor-element-97af2c6 elementor-section-boxed elementor-section-height-default elementor-section-height-default\" data-id=\"97af2c6\" data-element_type=\"section\">\n\t\t\t\t\t\t\t<div class=\"elementor-background-overlay\"><\/div>\n\t\t\t\t\t\t\t<div class=\"elementor-container elementor-column-gap-default\">\n\t\t\t\t\t<div class=\"elementor-column elementor-col-100 elementor-top-column elementor-element elementor-element-46ad1cc\" data-id=\"46ad1cc\" data-element_type=\"column\">\n\t\t\t<div class=\"elementor-widget-wrap elementor-element-populated\">\n\t\t\t\t\t\t<section class=\"elementor-section elementor-inner-section elementor-element elementor-element-46e1512 elementor-section-boxed elementor-section-height-default elementor-section-height-default\" data-id=\"46e1512\" data-element_type=\"section\">\n\t\t\t\t\t\t<div class=\"elementor-container elementor-column-gap-default\">\n\t\t\t\t\t<div class=\"elementor-column elementor-col-50 elementor-inner-column elementor-element elementor-element-a8801d5\" data-id=\"a8801d5\" data-element_type=\"column\" data-settings=\"{&quot;background_background&quot;:&quot;classic&quot;}\">\n\t\t\t<div class=\"elementor-widget-wrap elementor-element-populated\">\n\t\t\t\t\t\t<div class=\"elementor-element elementor-element-dd86786 elementor-widget__width-initial elementor-widget elementor-widget-heading\" data-id=\"dd86786\" data-element_type=\"widget\" data-widget_type=\"heading.default\">\n\t\t\t\t<div class=\"elementor-widget-container\">\n\t\t\t\t\t<p class=\"elementor-heading-title elementor-size-default\">CEO'nun Mesaj\u0131<\/p>\t\t\t\t<\/div>\n\t\t\t\t<\/div>\n\t\t\t\t<div class=\"elementor-element elementor-element-b271e38 color-scheme-inherit text-left elementor-widget elementor-widget-text-editor\" data-id=\"b271e38\" data-element_type=\"widget\" data-widget_type=\"text-editor.default\">\n\t\t\t\t<div class=\"elementor-widget-container\">\n\t\t\t\t\t\t\t\t\t<p>PetroChimex International Corporation olarak, petrokimya ticaretinin dinamik d\u00fcnyas\u0131nda g\u00fc\u00e7 ve yenili\u011fin simgesi olarak duruyoruz. M\u00fckemmeliyete olan sars\u0131lmaz ba\u011fl\u0131l\u0131\u011f\u0131m\u0131z ve k\u00fcresel pazarlar\u0131 derinlemesine anlamam\u0131z, \u00e7e\u015fitli m\u00fc\u015fteri portf\u00f6y\u00fcm\u00fcze benzersiz \u00e7\u00f6z\u00fcmler sunmam\u0131z\u0131 sa\u011fl\u0131yor. Bizi tan\u0131mlayan \u015fey yaln\u0131zca portf\u00f6y\u00fcm\u00fcz\u00fcn geni\u015fli\u011fi de\u011fil, hizmet verdi\u011fimiz her end\u00fcstrinin \u00f6zel taleplerine g\u00f6sterdi\u011fimiz titizliktir. En kaliteli malzemeleri temin etmekten kusursuz tedarik zincirleri olu\u015fturmaya kadar hi\u00e7bir ayr\u0131nt\u0131y\u0131 g\u00f6z ard\u0131 etmiyoruz. Ortakl\u0131klar\u0131m\u0131z, yaln\u0131zca ticari i\u015flemlerle s\u0131n\u0131rl\u0131 kalmay\u0131p g\u00fcven, g\u00fcvenilirlik ve ortak b\u00fcy\u00fcmeye dayal\u0131 kal\u0131c\u0131 i\u015f birliklerine d\u00f6n\u00fc\u015f\u00fcyor.<\/p>\t\t\t\t\t\t\t\t<\/div>\n\t\t\t\t<\/div>\n\t\t\t\t\t<\/div>\n\t\t<\/div>\n\t\t\t\t<div class=\"elementor-column elementor-col-50 elementor-inner-column elementor-element elementor-element-02b2e0d\" data-id=\"02b2e0d\" data-element_type=\"column\">\n\t\t\t<div class=\"elementor-widget-wrap elementor-element-populated\">\n\t\t\t\t\t\t<div class=\"elementor-element elementor-element-ff4afa9 elementor-widget elementor-widget-image\" data-id=\"ff4afa9\" data-element_type=\"widget\" data-widget_type=\"image.default\">\n\t\t\t\t<div class=\"elementor-widget-container\">\n\t\t\t\t\t\t\t\t\t\t\t\t\t\t\t<img decoding=\"async\" width=\"301\" height=\"277\" src=\"https:\/\/petrochimex.com\/wp-content\/uploads\/2025\/02\/\u0627\u0633\u062a\u067e-\u0633\u0648\u0645-1-1.png\" class=\"attachment-large size-large wp-image-4363\" alt=\"\" srcset=\"https:\/\/petrochimex.com\/wp-content\/uploads\/2025\/02\/\u0627\u0633\u062a\u067e-\u0633\u0648\u0645-1-1.png 301w, https:\/\/petrochimex.com\/wp-content\/uploads\/2025\/02\/\u0627\u0633\u062a\u067e-\u0633\u0648\u0645-1-1-150x138.png 150w\" sizes=\"(max-width: 301px) 100vw, 301px\" \/>\t\t\t\t\t\t\t\t\t\t\t\t\t\t\t<\/div>\n\t\t\t\t<\/div>\n\t\t\t\t\t<\/div>\n\t\t<\/div>\n\t\t\t\t\t<\/div>\n\t\t<\/section>\n\t\t\t\t\t<\/div>\n\t\t<\/div>\n\t\t\t\t\t<\/div>\n\t\t<\/section>\n\t\t\t\t<section class=\"elementor-section elementor-top-section elementor-element elementor-element-7e94724 elementor-section-boxed elementor-section-height-default elementor-section-height-default\" data-id=\"7e94724\" data-element_type=\"section\">\n\t\t\t\t\t\t<div class=\"elementor-container elementor-column-gap-default\">\n\t\t\t\t\t<div class=\"elementor-column elementor-col-100 elementor-top-column elementor-element elementor-element-1e305a3\" data-id=\"1e305a3\" data-element_type=\"column\">\n\t\t\t<div class=\"elementor-widget-wrap elementor-element-populated\">\n\t\t\t\t\t\t<section class=\"elementor-section elementor-inner-section elementor-element elementor-element-94d6b5e elementor-section-boxed elementor-section-height-default elementor-section-height-default\" data-id=\"94d6b5e\" data-element_type=\"section\" data-settings=\"{&quot;background_background&quot;:&quot;classic&quot;}\">\n\t\t\t\t\t\t<div class=\"elementor-container elementor-column-gap-default\">\n\t\t\t\t\t<div class=\"elementor-column elementor-col-100 elementor-inner-column elementor-element elementor-element-d81fe2a\" data-id=\"d81fe2a\" data-element_type=\"column\">\n\t\t\t<div class=\"elementor-widget-wrap elementor-element-populated\">\n\t\t\t\t\t\t<div class=\"elementor-element elementor-element-ea292f4 elementor-widget elementor-widget-heading\" data-id=\"ea292f4\" data-element_type=\"widget\" data-widget_type=\"heading.default\">\n\t\t\t\t<div class=\"elementor-widget-container\">\n\t\t\t\t\t<h2 class=\"elementor-heading-title elementor-size-default\">Uzmanl\u0131\u011f\u0131m\u0131z<\/h2>\t\t\t\t<\/div>\n\t\t\t\t<\/div>\n\t\t\t\t<div class=\"elementor-element elementor-element-a72d152 text-right color-scheme-inherit elementor-widget elementor-widget-text-editor\" data-id=\"a72d152\" data-element_type=\"widget\" data-widget_type=\"text-editor.default\">\n\t\t\t\t<div class=\"elementor-widget-container\">\n\t\t\t\t\t\t\t\t\t<p>Petro Chimex International Corporation olarak sadece \u00fcr\u00fcn ihra\u00e7 etmiyoruz; kal\u0131c\u0131 ortakl\u0131klar kuruyoruz. \u015eeffafl\u0131\u011f\u0131, kaliteyi ve m\u00fc\u015fteri memnuniyetini \u00f6n planda tutarak m\u00fc\u015fterilerimiz ve payda\u015flar\u0131m\u0131z i\u00e7in kal\u0131c\u0131 de\u011fer yarat\u0131yoruz.<\/p>\t\t\t\t\t\t\t\t<\/div>\n\t\t\t\t<\/div>\n\t\t\t\t\t<\/div>\n\t\t<\/div>\n\t\t\t\t\t<\/div>\n\t\t<\/section>\n\t\t\t\t<section class=\"elementor-section elementor-inner-section elementor-element elementor-element-273b12d elementor-section-boxed elementor-section-height-default elementor-section-height-default\" data-id=\"273b12d\" data-element_type=\"section\">\n\t\t\t\t\t\t<div class=\"elementor-container elementor-column-gap-default\">\n\t\t\t\t\t<div class=\"elementor-column elementor-col-25 elementor-inner-column elementor-element elementor-element-3a43957\" data-id=\"3a43957\" data-element_type=\"column\" data-settings=\"{&quot;background_background&quot;:&quot;classic&quot;}\">\n\t\t\t<div class=\"elementor-widget-wrap elementor-element-populated\">\n\t\t\t\t\t\t<div class=\"elementor-element elementor-element-cb29e3a elementor-position-top elementor-widget elementor-widget-image-box\" data-id=\"cb29e3a\" data-element_type=\"widget\" data-widget_type=\"image-box.default\">\n\t\t\t\t<div class=\"elementor-widget-container\">\n\t\t\t\t\t<div class=\"elementor-image-box-wrapper\"><figure class=\"elementor-image-box-img\"><img decoding=\"async\" width=\"150\" height=\"150\" src=\"https:\/\/petrochimex.com\/wp-content\/uploads\/2025\/02\/Extensive-Market-Reach-min-1.png\" class=\"attachment-full size-full wp-image-4403\" alt=\"\" \/><\/figure><div class=\"elementor-image-box-content\"><p class=\"elementor-image-box-title\">Geni\u015f Pazar Eri\u015fimi<\/p><p class=\"elementor-image-box-description\">K\u00f6rfez \u0130\u015fbirli\u011fi Konseyi, Ba\u011f\u0131ms\u0131z Devletler Toplulu\u011fu, Avrupa ve \u00f6tesindeki b\u00f6lgelerde faaliyet g\u00f6steren PetroChimex International Corporation, farkl\u0131 sekt\u00f6rlerdeki tedarik\u00e7ileri ve al\u0131c\u0131lar\u0131 bir araya getiriyor.<\/p><\/div><\/div>\t\t\t\t<\/div>\n\t\t\t\t<\/div>\n\t\t\t\t\t<\/div>\n\t\t<\/div>\n\t\t\t\t<div class=\"elementor-column elementor-col-25 elementor-inner-column elementor-element elementor-element-0790dde\" data-id=\"0790dde\" data-element_type=\"column\" data-settings=\"{&quot;background_background&quot;:&quot;classic&quot;}\">\n\t\t\t<div class=\"elementor-widget-wrap elementor-element-populated\">\n\t\t\t\t\t\t<div class=\"elementor-element elementor-element-19c9bda elementor-position-top elementor-widget elementor-widget-image-box\" data-id=\"19c9bda\" data-element_type=\"widget\" data-widget_type=\"image-box.default\">\n\t\t\t\t<div class=\"elementor-widget-container\">\n\t\t\t\t\t<div class=\"elementor-image-box-wrapper\"><figure class=\"elementor-image-box-img\"><img decoding=\"async\" width=\"150\" height=\"150\" src=\"https:\/\/petrochimex.com\/wp-content\/uploads\/2025\/02\/Product-Diversity-min-1.png\" class=\"attachment-full size-full wp-image-4405\" alt=\"\" \/><\/figure><div class=\"elementor-image-box-content\"><p class=\"elementor-image-box-title\">\u00dcr\u00fcn \u00c7e\u015fitlili\u011fi<\/p><p class=\"elementor-image-box-description\">Y\u00fcksek performansl\u0131 polimerlerden ve aromatik hidrokarbonlardan sa\u011flam \u00e7elik \u00fcr\u00fcnlerine kadar, d\u00fcnya \u00e7ap\u0131ndaki end\u00fcstrilerin \u00f6zel ihtiya\u00e7lar\u0131n\u0131 kar\u015f\u0131l\u0131yoruz.<\/p><\/div><\/div>\t\t\t\t<\/div>\n\t\t\t\t<\/div>\n\t\t\t\t\t<\/div>\n\t\t<\/div>\n\t\t\t\t<div class=\"elementor-column elementor-col-25 elementor-inner-column elementor-element elementor-element-ca4eb5a\" data-id=\"ca4eb5a\" data-element_type=\"column\" data-settings=\"{&quot;background_background&quot;:&quot;classic&quot;}\">\n\t\t\t<div class=\"elementor-widget-wrap elementor-element-populated\">\n\t\t\t\t\t\t<div class=\"elementor-element elementor-element-b4d634c elementor-position-top elementor-widget elementor-widget-image-box\" data-id=\"b4d634c\" data-element_type=\"widget\" data-widget_type=\"image-box.default\">\n\t\t\t\t<div class=\"elementor-widget-container\">\n\t\t\t\t\t<div class=\"elementor-image-box-wrapper\"><figure class=\"elementor-image-box-img\"><img decoding=\"async\" width=\"150\" height=\"150\" src=\"https:\/\/petrochimex.com\/wp-content\/uploads\/2025\/02\/Commitment-to-Excellence-min-1.png\" class=\"attachment-full size-full wp-image-4407\" alt=\"\" \/><\/figure><div class=\"elementor-image-box-content\"><p class=\"elementor-image-box-title\">M\u00fckemmelli\u011fe Ba\u011fl\u0131l\u0131k<\/p><p class=\"elementor-image-box-description\">Deneyimli profesyonellerden olu\u015fan ekibimiz, her i\u015flemin hassasiyet, g\u00fcvenilirlik ve itimatla i\u015faretlenmesini sa\u011flar.<\/p><\/div><\/div>\t\t\t\t<\/div>\n\t\t\t\t<\/div>\n\t\t\t\t\t<\/div>\n\t\t<\/div>\n\t\t\t\t<div class=\"elementor-column elementor-col-25 elementor-inner-column elementor-element elementor-element-312bb69\" data-id=\"312bb69\" data-element_type=\"column\" data-settings=\"{&quot;background_background&quot;:&quot;classic&quot;}\">\n\t\t\t<div class=\"elementor-widget-wrap elementor-element-populated\">\n\t\t\t\t\t\t<div class=\"elementor-element elementor-element-81d2932 elementor-position-top elementor-widget elementor-widget-image-box\" data-id=\"81d2932\" data-element_type=\"widget\" data-widget_type=\"image-box.default\">\n\t\t\t\t<div class=\"elementor-widget-container\">\n\t\t\t\t\t<div class=\"elementor-image-box-wrapper\"><figure class=\"elementor-image-box-img\"><img decoding=\"async\" width=\"150\" height=\"150\" src=\"https:\/\/petrochimex.com\/wp-content\/uploads\/2025\/02\/Sustainability-Focus-min-1.png\" class=\"attachment-full size-full wp-image-4409\" alt=\"\" \/><\/figure><div class=\"elementor-image-box-content\"><p class=\"elementor-image-box-title\">S\u00fcrd\u00fcr\u00fclebilirlik Odakl\u0131l\u0131k<\/p><p class=\"elementor-image-box-description\">\u00c7evreye duyarl\u0131 uygulamalar\u0131 operasyonlar\u0131m\u0131za entegre ederek, i\u015fletme b\u00fcy\u00fcmesi ile \u00e7evresel sorumluluk aras\u0131nda bir denge sa\u011fl\u0131yoruz.<\/p><\/div><\/div>\t\t\t\t<\/div>\n\t\t\t\t<\/div>\n\t\t\t\t\t<\/div>\n\t\t<\/div>\n\t\t\t\t\t<\/div>\n\t\t<\/section>\n\t\t\t\t\t<\/div>\n\t\t<\/div>\n\t\t\t\t\t<\/div>\n\t\t<\/section>\n\t\t\t\t<\/div>\n\t\t\n\n<div class=\"kk-star-ratings kksr-auto kksr-align-center kksr-valign-bottom\"\n    data-payload='{&quot;align&quot;:&quot;center&quot;,&quot;id&quot;:&quot;3661&quot;,&quot;slug&quot;:&quot;default&quot;,&quot;valign&quot;:&quot;bottom&quot;,&quot;ignore&quot;:&quot;&quot;,&quot;reference&quot;:&quot;auto&quot;,&quot;class&quot;:&quot;&quot;,&quot;count&quot;:&quot;0&quot;,&quot;legendonly&quot;:&quot;&quot;,&quot;readonly&quot;:&quot;&quot;,&quot;score&quot;:&quot;0&quot;,&quot;starsonly&quot;:&quot;&quot;,&quot;best&quot;:&quot;5&quot;,&quot;gap&quot;:&quot;5&quot;,&quot;greet&quot;:&quot;Rate this page&quot;,&quot;legend&quot;:&quot;0\\\/5 - (0 votes)&quot;,&quot;size&quot;:&quot;20&quot;,&quot;title&quot;:&quot;Ekibimiz&quot;,&quot;width&quot;:&quot;0&quot;,&quot;_legend&quot;:&quot;{score}\\\/{best} - ({count} {votes})&quot;,&quot;font_factor&quot;:&quot;1.25&quot;}'>\n            \n<div class=\"kksr-stars\">\n    \n<div class=\"kksr-stars-inactive\">\n            <div class=\"kksr-star\" data-star=\"1\" style=\"padding-right: 5px\">\n            \n\n<div class=\"kksr-icon\" style=\"width: 20px; height: 20px;\"><\/div>\n        <\/div>\n            <div class=\"kksr-star\" data-star=\"2\" style=\"padding-right: 5px\">\n            \n\n<div class=\"kksr-icon\" style=\"width: 20px; height: 20px;\"><\/div>\n        <\/div>\n            <div class=\"kksr-star\" data-star=\"3\" style=\"padding-right: 5px\">\n            \n\n<div class=\"kksr-icon\" style=\"width: 20px; height: 20px;\"><\/div>\n        <\/div>\n            <div class=\"kksr-star\" data-star=\"4\" style=\"padding-right: 5px\">\n            \n\n<div class=\"kksr-icon\" style=\"width: 20px; height: 20px;\"><\/div>\n        <\/div>\n            <div class=\"kksr-star\" data-star=\"5\" style=\"padding-right: 5px\">\n            \n\n<div class=\"kksr-icon\" style=\"width: 20px; height: 20px;\"><\/div>\n        <\/div>\n    <\/div>\n    \n<div class=\"kksr-stars-active\" style=\"width: 0px;\">\n            <div class=\"kksr-star\" style=\"padding-right: 5px\">\n            \n\n<div class=\"kksr-icon\" style=\"width: 20px; height: 20px;\"><\/div>\n        <\/div>\n            <div class=\"kksr-star\" style=\"padding-right: 5px\">\n            \n\n<div class=\"kksr-icon\" style=\"width: 20px; height: 20px;\"><\/div>\n        <\/div>\n            <div class=\"kksr-star\" style=\"padding-right: 5px\">\n            \n\n<div class=\"kksr-icon\" style=\"width: 20px; height: 20px;\"><\/div>\n        <\/div>\n            <div class=\"kksr-star\" style=\"padding-right: 5px\">\n            \n\n<div class=\"kksr-icon\" style=\"width: 20px; height: 20px;\"><\/div>\n        <\/div>\n            <div class=\"kksr-star\" style=\"padding-right: 5px\">\n            \n\n<div class=\"kksr-icon\" style=\"width: 20px; height: 20px;\"><\/div>\n        <\/div>\n    <\/div>\n<\/div>\n                \n\n<div class=\"kksr-legend\" style=\"font-size: 16px;\">\n            <span class=\"kksr-muted\">Rate this page<\/span>\n    <\/div>\n    <\/div>\n","protected":false},"excerpt":{"rendered":"<p>Biz kimiz Tedarik zinciri verimlili\u011fi ve \u00fcr\u00fcn kalitesinde d\u00fcnya lideri. Rekabet\u00e7i fiyatland\u0131rma ve g\u00fcvenilirli\u011fi garanti eden g\u00fc\u00e7l\u00fc bir \u00fcretici ve<\/p>\n","protected":false},"author":3,"featured_media":0,"parent":0,"menu_order":0,"comment_status":"closed","ping_status":"closed","template":"","meta":{"footnotes":""},"class_list":["post-3661","page","type-page","status-publish","hentry"],"_links":{"self":[{"href":"https:\/\/petrochimex.com\/tr\/wp-json\/wp\/v2\/pages\/3661","targetHints":{"allow":["GET"]}}],"collection":[{"href":"https:\/\/petrochimex.com\/tr\/wp-json\/wp\/v2\/pages"}],"about":[{"href":"https:\/\/petrochimex.com\/tr\/wp-json\/wp\/v2\/types\/page"}],"author":[{"embeddable":true,"href":"https:\/\/petrochimex.com\/tr\/wp-json\/wp\/v2\/users\/3"}],"replies":[{"embeddable":true,"href":"https:\/\/petrochimex.com\/tr\/wp-json\/wp\/v2\/comments?post=3661"}],"version-history":[{"count":12,"href":"https:\/\/petrochimex.com\/tr\/wp-json\/wp\/v2\/pages\/3661\/revisions"}],"predecessor-version":[{"id":4457,"href":"https:\/\/petrochimex.com\/tr\/wp-json\/wp\/v2\/pages\/3661\/revisions\/4457"}],"wp:attachment":[{"href":"https:\/\/petrochimex.com\/tr\/wp-json\/wp\/v2\/media?parent=3661"}],"curies":[{"name":"wp","href":"https:\/\/api.w.org\/{rel}","templated":true}]}}